{"id":594,"date":"2015-05-22T03:07:42","date_gmt":"2015-05-22T01:07:42","guid":{"rendered":"http:\/\/www.synergyfortrees.com\/sts\/shop\/leonardo-da-tree-shirt\/"},"modified":"2026-02-13T08:25:44","modified_gmt":"2026-02-13T07:25:44","slug":"masters-tree-shirt","status":"publish","type":"product","link":"http:\/\/www.synergyfortrees.com\/sts\/produkt\/masters-tree-shirt\/","title":{"rendered":"Masters Tree Shirt"},"content":{"rendered":"<p>Da Vinci gibt die Vorlage f\u00fcr den vielf\u00e4ltigen Arboristen: den Master at Work. Die dritte Version des Synergy Tree Shirt&#8217;s reflektiert\u00a0nicht nur die\u00a0vielf\u00e4ltigen Herausforderungen von Baumpflegern sondern ebenso deren r\u00e4umliche und organisatorische\u00a0Koordinationsf\u00e4higkeiten.<\/p>\n<p>Klassisches T-Shirt mit Rundhalsausschnitt und kurzen \u00c4rmeln. Gerader Schnitt f\u00fcr einen tollen Auftritt. Ideale Passform und hoher Tragekomfort aufgrund des weichen Gewebestoffes.\u00a0100% Baumwolle mit Masters at Work Aufdruck.<\/p>\n<ul>\n<li>Momentan nur in grau und schwarz verf\u00fcgbar.<\/li>\n<li>Material: 100% zertifizierte Biobaumwolle, Jersey 155 g\/m\u00b2.<\/li>\n<\/ul>\n","protected":false},"excerpt":{"rendered":"<p>Da Vinci gibt die Vorlage f\u00fcr den vielf\u00e4ltigen Arboristen: den Master at Work. Die dritte Version des Synergy Tree Shirt&#8217;s reflektiert\u00a0nicht nur die\u00a0vielf\u00e4ltigen Herausforderungen von Baumpflegern sondern ebenso deren r\u00e4umliche und organisatorische\u00a0Koordinationsf\u00e4higkeiten. Klassisches T-Shirt mit Rundhalsausschnitt und kurzen \u00c4rmeln. Gerader Schnitt f\u00fcr einen tollen Auftritt. Ideale Passform und hoher Tragekomfort aufgrund des weichen Gewebestoffes.\u00a0100% Baumwolle [&hellip;]<\/p>\n","protected":false},"featured_media":654,"comment_status":"open","ping_status":"closed","template":"","meta":[],"product_brand":[],"product_cat":[71,85],"product_tag":[70,84],"class_list":{"0":"post-594","1":"product","2":"type-product","3":"status-publish","4":"has-post-thumbnail","6":"product_cat-masters-tree-shirt","7":"product_cat-t-shirt","8":"product_tag-masters","9":"product_tag-t-shirt","11":"first","12":"instock","13":"taxable","14":"shipping-taxable","15":"purchasable","16":"product-type-variable"},"jetpack_sharing_enabled":true,"_links":{"self":[{"href":"http:\/\/www.synergyfortrees.com\/sts\/wp-json\/wp\/v2\/product\/594","targetHints":{"allow":["GET"]}}],"collection":[{"href":"http:\/\/www.synergyfortrees.com\/sts\/wp-json\/wp\/v2\/product"}],"about":[{"href":"http:\/\/www.synergyfortrees.com\/sts\/wp-json\/wp\/v2\/types\/product"}],"replies":[{"embeddable":true,"href":"http:\/\/www.synergyfortrees.com\/sts\/wp-json\/wp\/v2\/comments?post=594"}],"wp:featuredmedia":[{"embeddable":true,"href":"http:\/\/www.synergyfortrees.com\/sts\/wp-json\/wp\/v2\/media\/654"}],"wp:attachment":[{"href":"http:\/\/www.synergyfortrees.com\/sts\/wp-json\/wp\/v2\/media?parent=594"}],"wp:term":[{"taxonomy":"product_brand","embeddable":true,"href":"http:\/\/www.synergyfortrees.com\/sts\/wp-json\/wp\/v2\/product_brand?post=594"},{"taxonomy":"product_cat","embeddable":true,"href":"http:\/\/www.synergyfortrees.com\/sts\/wp-json\/wp\/v2\/product_cat?post=594"},{"taxonomy":"product_tag","embeddable":true,"href":"http:\/\/www.synergyfortrees.com\/sts\/wp-json\/wp\/v2\/product_tag?post=594"}],"curies":[{"name":"wp","href":"https:\/\/api.w.org\/{rel}","templated":true}]}}