{"id":26,"date":"2012-05-08T21:06:45","date_gmt":"2012-05-08T21:06:45","guid":{"rendered":"http:\/\/www.synergyfortrees.com\/sts\/synergy\/?page_id=26"},"modified":"2012-05-08T21:06:45","modified_gmt":"2012-05-08T21:06:45","slug":"widerrufsrecht","status":"publish","type":"page","link":"http:\/\/www.synergyfortrees.com\/sts\/impressum\/widerrufsrecht\/","title":{"rendered":"Widerrufsrecht"},"content":{"rendered":"<p><strong>Widerrufsrecht<\/strong><br \/>\nSie k\u00f6nnen Ihre Vertragserkl\u00e4rung innerhalb von zwei Wochen ohne Angabe von Gr\u00fcnden in Textform (z. B. Brief, Fax, E-Mail) oder durch R\u00fccksendung der Sache widerrufen. Die Frist beginnt fr\u00fchestens mit Erhalt dieser Belehrung. Zur Wahrung der Widerrufsfrist gen\u00fcgt die rechtzeitige Absendung des Widerrufs oder der Sache. Der Widerruf ist zu richten an:<\/p>\n<p>Ginko Baumpflege<br \/>\nPeter Styrnol<br \/>\nIn der Siedlung 6<br \/>\n77933 Lahr<br \/>\n<strong>Widerrufsfolgen<\/strong><br \/>\nIm Falle eines wirksamen Widerrufs sind die beiderseits empfangenen Leistungen zur\u00fcckzugew\u00e4hren [und ggf. gezogene Nutzungen (z. B. Zinsen) herauszugeben]5. K\u00f6nnen Sie uns die empfangene Leistung ganz oder teilweise nicht oder nur in verschlechtertem Zustand zur\u00fcckgew\u00e4hren, m\u00fcssen Sie uns insoweit ggf. Wertersatz leisten.6 [Bei der \u00dcberlassung von Sachen gilt dies nicht, wenn die Verschlechterung der Sache ausschlie\u00dflich auf deren Pr\u00fcfung &#8211; wie sie Ihnen etwa im Ladengesch\u00e4ft m\u00f6glich gewesen w\u00e4re &#8211; zur\u00fcckzuf\u00fchren ist. Im \u00dcbrigen k\u00f6nnen Sie die Wertersatzpflicht vermeiden, indem Sie die Sache nicht wie ein Eigent\u00fcmer in Gebrauch nehmen und alles unterlassen, was deren Wert beeintr\u00e4chtigt. Paketversandf\u00e4hige Sachen sind [auf unsere Kosten und Gefahr]7 zur\u00fcckzusenden. Nicht paketversandf\u00e4hige Sachen werden bei Ihnen abgeholt.]2. Verpflichtungen zur Erstattung von Zahlungen m\u00fcssen Sie innerhalb von 30 Tagen nach Absendung Ihrer Widerrufserkl\u00e4rung erf\u00fcllen.\u2028Ausgeschlossen von der R\u00fccksendung sind:\u2028Waren, die nach Kundenspezifikation angefertigt werden oder eindeutig auf die pers\u00f6nlichen Bed\u00fcrfnisse zugeschnitten sind, oder die auf Grund ihrer Beschaffenheit nicht f\u00fcr eine R\u00fccksendung geeignet sind oder schnell verderben k\u00f6nnen oder deren Verfalldatum \u00fcberschritten w\u00fcrde;\u2028Das Widerrufsrecht gilt nur f\u00fcr Privatpersonen und nicht f\u00fcr Gewerbetreibende sowie Selbst\u00e4ndige, welche die erworbenen Produkte zu beruflichem Zweck nutzen.<br \/>\n<strong>Haftung f\u00fcr M\u00e4ngelanspr\u00fcche<\/strong><br \/>\nDie Gew\u00e4hrleistung erfolgt nach den gesetzlichen Bestimmungen. Informationen \u00fcber eventuelle zus\u00e4tzliche Herstellergarantien entnehmen Sie bitte der Produktdokumentation. Bitte richten Sie Ihre Anfragen schriftlich per email contact@synergyfortrees.com oder per Fax unter der +49 163 50 08 671 an uns. Wir werden Ihr Anliegen schnellstm\u00f6glich bearbeiten.<br \/>\nSchriftform<br \/>\nS\u00e4mtliche Vereinbarungen, die eine \u00c4nderung, Erg\u00e4nzung oder Konkretisierung dieser AGB beinhalten, sowie besondere Zusicherungen und Abmachungen sind schriftlich niederzulegen. Dies gilt auch f\u00fcr die Aufhebung des Schriftformerfordernisses. Die Verwendung von E-Mails f\u00fcr Erkl\u00e4rungen gen\u00fcgt der Schriftformerfordernis.<br \/>\nEigentumsvorbehalt<br \/>\nDie gelieferte Ware bleibt bis zur vollst\u00e4ndigen Bezahlung unser Eigentum.<\/p>\n","protected":false},"excerpt":{"rendered":"<p>Widerrufsrecht Sie k\u00f6nnen Ihre Vertragserkl\u00e4rung innerhalb von zwei Wochen ohne Angabe von Gr\u00fcnden in Textform (z. B. Brief, Fax, E-Mail) oder durch R\u00fccksendung der Sache widerrufen. Die Frist beginnt fr\u00fchestens mit Erhalt dieser Belehrung. Zur Wahrung der Widerrufsfrist gen\u00fcgt die rechtzeitige Absendung des Widerrufs oder der Sache. Der Widerruf ist zu richten an: Ginko Baumpflege [&hellip;]<\/p>\n","protected":false},"author":1,"featured_media":0,"parent":17,"menu_order":0,"comment_status":"open","ping_status":"open","template":"","meta":{"footnotes":""},"class_list":["post-26","page","type-page","status-publish","hentry"],"jetpack_sharing_enabled":true,"_links":{"self":[{"href":"http:\/\/www.synergyfortrees.com\/sts\/wp-json\/wp\/v2\/pages\/26","targetHints":{"allow":["GET"]}}],"collection":[{"href":"http:\/\/www.synergyfortrees.com\/sts\/wp-json\/wp\/v2\/pages"}],"about":[{"href":"http:\/\/www.synergyfortrees.com\/sts\/wp-json\/wp\/v2\/types\/page"}],"author":[{"embeddable":true,"href":"http:\/\/www.synergyfortrees.com\/sts\/wp-json\/wp\/v2\/users\/1"}],"replies":[{"embeddable":true,"href":"http:\/\/www.synergyfortrees.com\/sts\/wp-json\/wp\/v2\/comments?post=26"}],"version-history":[{"count":0,"href":"http:\/\/www.synergyfortrees.com\/sts\/wp-json\/wp\/v2\/pages\/26\/revisions"}],"up":[{"embeddable":true,"href":"http:\/\/www.synergyfortrees.com\/sts\/wp-json\/wp\/v2\/pages\/17"}],"wp:attachment":[{"href":"http:\/\/www.synergyfortrees.com\/sts\/wp-json\/wp\/v2\/media?parent=26"}],"curies":[{"name":"wp","href":"https:\/\/api.w.org\/{rel}","templated":true}]}}