{"id":19,"date":"2012-05-08T21:03:58","date_gmt":"2012-05-08T21:03:58","guid":{"rendered":"http:\/\/www.synergyfortrees.com\/sts\/synergy\/?page_id=19"},"modified":"2012-05-08T21:03:58","modified_gmt":"2012-05-08T21:03:58","slug":"liefer-und-versandkosten","status":"publish","type":"page","link":"http:\/\/www.synergyfortrees.com\/sts\/impressum\/liefer-und-versandkosten\/","title":{"rendered":"Liefer- und Versandkosten"},"content":{"rendered":"<p><strong>Ab 150,00 Euro Warenwert (netto) liefern wir frei Haus!\u00a0<\/strong><\/p>\n<p>Bis 150,00 Euro Warenwert (netto) berechnen wir pauschal 6,80 Euro (brutto) Versandkosten.<\/p>\n<p><strong>Zusatzkosten bei Versand in NICHT EU-Staaten<br \/>\n<\/strong>Beim Versand in NICHT EU-Staaten fallen eventuell Verzollungsgeb\u00fchren entsprechend des Empf\u00e4ngerlandes an!<\/p>\n<p><span style=\"color: #000000;\"><b>Selbstabholung<\/b><\/span><br \/>\nBei Abholung der Ware in unserem Lager, entfallen nat\u00fcrlich die Versandkosten.<\/p>\n","protected":false},"excerpt":{"rendered":"<p>Ab 150,00 Euro Warenwert (netto) liefern wir frei Haus!\u00a0 Bis 150,00 Euro Warenwert (netto) berechnen wir pauschal 6,80 Euro (brutto) Versandkosten. Zusatzkosten bei Versand in NICHT EU-Staaten Beim Versand in NICHT EU-Staaten fallen eventuell Verzollungsgeb\u00fchren entsprechend des Empf\u00e4ngerlandes an! Selbstabholung Bei Abholung der Ware in unserem Lager, entfallen nat\u00fcrlich die Versandkosten.<\/p>\n","protected":false},"author":1,"featured_media":0,"parent":17,"menu_order":3,"comment_status":"open","ping_status":"open","template":"","meta":{"footnotes":""},"class_list":["post-19","page","type-page","status-publish","hentry"],"jetpack_sharing_enabled":true,"_links":{"self":[{"href":"http:\/\/www.synergyfortrees.com\/sts\/wp-json\/wp\/v2\/pages\/19","targetHints":{"allow":["GET"]}}],"collection":[{"href":"http:\/\/www.synergyfortrees.com\/sts\/wp-json\/wp\/v2\/pages"}],"about":[{"href":"http:\/\/www.synergyfortrees.com\/sts\/wp-json\/wp\/v2\/types\/page"}],"author":[{"embeddable":true,"href":"http:\/\/www.synergyfortrees.com\/sts\/wp-json\/wp\/v2\/users\/1"}],"replies":[{"embeddable":true,"href":"http:\/\/www.synergyfortrees.com\/sts\/wp-json\/wp\/v2\/comments?post=19"}],"version-history":[{"count":0,"href":"http:\/\/www.synergyfortrees.com\/sts\/wp-json\/wp\/v2\/pages\/19\/revisions"}],"up":[{"embeddable":true,"href":"http:\/\/www.synergyfortrees.com\/sts\/wp-json\/wp\/v2\/pages\/17"}],"wp:attachment":[{"href":"http:\/\/www.synergyfortrees.com\/sts\/wp-json\/wp\/v2\/media?parent=19"}],"curies":[{"name":"wp","href":"https:\/\/api.w.org\/{rel}","templated":true}]}}